{"id":972,"date":"2025-01-08T13:28:15","date_gmt":"2025-01-08T12:28:15","guid":{"rendered":"http:\/\/localhost\/gassample\/?page_id=972"},"modified":"2025-02-10T16:22:14","modified_gmt":"2025-02-10T15:22:14","slug":"soda","status":"publish","type":"page","link":"https:\/\/gassample.com\/en\/soda\/","title":{"rendered":"SODA"},"content":{"rendered":"<p><section class=\"kc-elm kc-css-767996 kc_row\"><div class=\"kc-row-container  kc-container\"><div class=\"kc-wrap-columns\"><div class=\"kc-elm kc-css-178288 kc_col-sm-12 kc_column kc_col-sm-12\"><div class=\"kc-col-container\">\n<div class=\"kc-elm kc-css-654998 kc-title-wrap\">\n\n\t<h2 class=\"kc_title\">Analysis of NH\u2083 and CO\u2082 concentration in a wet gas stream from Solvay crude soda production.<\/h2>\n<\/div>\n<div class=\"kc-elm kc-css-396601 kc_text_block\"><\/p>\n<p>MARCIN MASEK &#8211; GAS SAMPLE SP. Z O.O.<\/p>\n<p>\n<\/div><div class=\"kc-elm kc-css-185036 kc-raw-code\"><a name=\"\u201dtop\u201d\"> <\/a><\/div><\/div><\/div><\/div><\/div><\/section><section class=\"kc-elm kc-css-669072 kc_row\"><div class=\"kc-row-container  kc-container\"><div class=\"kc-wrap-columns\"><div class=\"kc-elm kc-css-252932 kc_col-sm-12 kc_column kc_col-sm-12\"><div class=\"kc-col-container\">\n<div class=\"kc-elm kc-css-449373 kc-title-wrap\">\n\n\t<h3 class=\"kc_title\">INTRODUCTION<\/h3>\n<\/div>\n<\/div><\/div><\/div><\/div><\/section><section class=\"kc-elm kc-css-858148 kc_row\"><div class=\"kc-row-container  kc-container\"><div class=\"kc-wrap-columns\"><div class=\"kc-elm kc-css-779724 kc_col-sm-7 kc_column kc_col-sm-7\"><div class=\"kc-col-container\"><div class=\"kc-elm kc-css-930109 kc_text_block\"><\/p>\n<p><span style=\"font-family: Arial, sans-serif;\">The method for producing soda ash was developed in the early 1860s when two Belgian brothers, Ernest and Alfred Solvay, devised an improved synthetic method for soda manufacturing.<\/span><\/p>\n<p class=\"MsoNormal\"><span style=\"font-family: 'Arial',sans-serif;\">The production of soda (sodium carbonate) utilizes limestone (calcium carbonate) and rock salt (sodium chloride). In practice, auxiliary materials are also necessary, such as coke and ammonia, which acts as a catalyst. <span style=\"mso-tab-count: 1;\">\u00a0\u00a0\u00a0\u00a0\u00a0\u00a0\u00a0\u00a0\u00a0 <\/span>niezb\u0119dne jest zastosowanie materia\u0142\u00f3w pomocniczych (koksu, amoniaku jako katalizatora).<\/span><\/p>\n<p class=\"MsoNormal\"><span style=\"font-family: 'Arial',sans-serif;\">The Solvay process<span style=\"mso-spacerun: yes;\">\u00a0 <\/span>relies on<span style=\"mso-spacerun: yes;\">\u00a0 <\/span>multiple operations, including the thermal decomposition of limestone, the absorption of ammonia by brine, and the carbonization of the resulting solution by saturating it with CO2. It also involves the separation of crystallizing sodium bicarbonate (NaHCO3) and its subsequent calcination, as well as the recovery of ammonia from the liquid after bicarbonate crystallization using milk of lime.<\/span><\/p>\n<p>\n<\/div><\/div><\/div><div class=\"kc-elm kc-css-763009 kc_col-sm-5 kc_column kc_col-sm-5\"><div class=\"kc-col-container\"><div class=\"kc-elm kc-css-542957 kc_shortcode kc_single_image\">\n\n        <a rel=\"prettyPhoto\" class=\"kc-pretty-photo\" href=\"https:\/\/gassample.com\/wp-content\/uploads\/2025\/01\/Soda1.jpg\" title=\"Diagram przemian chemicznych w metodzie Solvaya\" target=\"\">\n        <img decoding=\"async\" src=\"https:\/\/gassample.com\/wp-content\/uploads\/2025\/01\/Soda1-234x300.jpg\" class=\"\" alt=\"Diagram przemian chemicznych w metodzie Solvaya\" \/>    <\/a>\n    <\/div>\n<\/div><\/div><\/div><\/div><\/section><section class=\"kc-elm kc-css-457877 kc_row\"><div class=\"kc-row-container  kc-container\"><div class=\"kc-wrap-columns\"><div class=\"kc-elm kc-css-795302 kc_col-sm-12 kc_column kc_col-sm-12\"><div class=\"kc-col-container\">\n<div class=\"kc-elm kc-css-318765 kc-title-wrap\">\n\n\t<h3 class=\"kc_title\">THE REAL CHALLENGES<\/h3>\n<\/div>\n<\/div><\/div><\/div><\/div><\/section><section class=\"kc-elm kc-css-556918 kc_row\"><div class=\"kc-row-container  kc-container\"><div class=\"kc-wrap-columns\"><div class=\"kc-elm kc-css-545470 kc_col-sm-6 kc_column kc_col-sm-6\"><div class=\"kc-col-container\"><div class=\"kc-elm kc-css-337717 kc_text_block\"><\/p>\n<p class=\"MsoNormal\"><span style=\"font-family: 'Arial',sans-serif;\">Optymalizacja procesu powinna pozwoli\u0107 na zwi\u0119kszenie produktywno\u015bci i jednoczesne zmniejszenie zu\u017cycia surowc\u00f3w pomocniczych, tym samym generuj\u0105c dodatkowe przychody. W tym celu konieczny jest precyzyjny i sta\u0142y pomiar st\u0119\u017cenia zar\u00f3wno CO2, jak i NH3 w gazie procesowym. Pomiar taki stanowi pionierskie wyzwanie in\u017cynierskie ze wzgl\u0119du na wysokie i zmienne st\u0119\u017cenie amoniaku w gazie (&gt;10%) przy jednoczesnej obecno\u015bci wody w punkcie nasycenia oraz rozpuszczonych jon\u00f3w amonowych, w\u0119glanowych i chlork\u00f3w, kt\u00f3re w temperaturze poni\u017cej 55\u00b0C maj\u0105 tendencj\u0119 do krystalizacji.<\/span><\/p>\n<p>\n<\/div><\/div><\/div><div class=\"kc-elm kc-css-869865 kc_col-sm-6 kc_column kc_col-sm-6\"><div class=\"kc-col-container\"><div class=\"kc-elm kc-css-103667 kc_shortcode kc_single_image\">\n\n        <a rel=\"prettyPhoto\" class=\"kc-pretty-photo\" href=\"https:\/\/gassample.com\/wp-content\/uploads\/2025\/01\/soda4.jpg\" title=\"Analiza skroplin pobranych z r\u00f3\u017cnych pr\u00f3bek w uk\u0142adzie przygotowania\" target=\"\">\n        <img decoding=\"async\" src=\"https:\/\/gassample.com\/wp-content\/uploads\/2025\/01\/soda4.jpg\" class=\"\" alt=\"Analiza skroplin pobranych z r\u00f3\u017cnych pr\u00f3bek w uk\u0142adzie przygotowania\" \/>    <\/a>\n    <\/div>\n<\/div><\/div><\/div><\/div><\/section><section class=\"kc-elm kc-css-324062 kc_row\"><div class=\"kc-row-container  kc-container\"><div class=\"kc-wrap-columns\"><div class=\"kc-elm kc-css-208484 kc_col-sm-12 kc_column kc_col-sm-12\"><div class=\"kc-col-container\"><div class=\"kc-elm kc-css-506756 kc_text_block\"><\/p>\n<p class=\"MsoNormal\"><span style=\"font-family: 'Arial',sans-serif;\">A significant problem is the presence of salts in the collected sample, whose crystals block the free flow of gas from the process pipeline to the analyzer. These salts must be removed from the sample within a properly designed and constructed sample collection, transport, and preparation system. Simultaneously, the de-salting process must not alter the composition of the gas being measured before it is supplied to the NH3\/CO2 analyzer.<\/span><\/p>\n<p>\n<\/div><\/div><\/div><\/div><\/div><\/section><section class=\"kc-elm kc-css-72285 kc_row\"><div class=\"kc-row-container  kc-container\"><div class=\"kc-wrap-columns\"><div class=\"kc-elm kc-css-319815 kc_col-sm-6 kc_column kc_col-sm-6\"><div class=\"kc-col-container\"><div class=\"kc-elm kc-css-998642 kc_shortcode kc_single_image\">\n\n        <a rel=\"prettyPhoto\" class=\"kc-pretty-photo\" href=\"https:\/\/gassample.com\/wp-content\/uploads\/2025\/01\/soda2.jpg\" title=\"\" target=\"\">\n        <img decoding=\"async\" src=\"https:\/\/gassample.com\/wp-content\/uploads\/2025\/01\/soda2-300x181.jpg\" class=\"\" alt=\"\" \/>    <\/a>\n    <\/div>\n<\/div><\/div><div class=\"kc-elm kc-css-361188 kc_col-sm-6 kc_column kc_col-sm-6\"><div class=\"kc-col-container\"><div class=\"kc-elm kc-css-768936 kc_shortcode kc_single_image\">\n\n        <a rel=\"prettyPhoto\" class=\"kc-pretty-photo\" href=\"https:\/\/gassample.com\/wp-content\/uploads\/2025\/01\/soda3.jpg\" title=\"Kryszta\u0142y soli\" target=\"\">\n        <img decoding=\"async\" src=\"https:\/\/gassample.com\/wp-content\/uploads\/2025\/01\/soda3-300x224.jpg\" class=\"\" alt=\"Kryszta\u0142y soli\" \/>    <\/a>\n    <\/div>\n<\/div><\/div><\/div><\/div><\/section><section class=\"kc-elm kc-css-589369 kc_row\"><div class=\"kc-row-container  kc-container\"><div class=\"kc-wrap-columns\"><div class=\"kc-elm kc-css-891465 kc_col-sm-7 kc_column kc_col-sm-7\"><div class=\"kc-col-container\"><div class=\"kc-elm kc-css-3259 kc_text_block\"><\/p>\n<p class=\"MsoNormal\"><span style=\"font-family: 'Arial',sans-serif;\">An additional challenge is the correct selection of the measurement method and the design of the analytical system. The widely used absorption spectroscopy requires \"sample extraction,\" which means drawing the sample from the process installation and transporting it to the analyzer without disturbing its composition or losing the components being measured.<\/span><\/p>\n<p>\n<\/div><\/div><\/div><div class=\"kc-elm kc-css-685168 kc_col-sm-5 kc_column kc_col-sm-5\"><div class=\"kc-col-container\"><div class=\"kc-elm kc-css-333649 kc_shortcode kc_single_image\">\n\n        <a rel=\"prettyPhoto\" class=\"kc-pretty-photo\" href=\"https:\/\/gassample.com\/wp-content\/uploads\/2025\/01\/soda5.jpg\" title=\"\" target=\"\">\n        <img decoding=\"async\" src=\"https:\/\/gassample.com\/wp-content\/uploads\/2025\/01\/soda5.jpg\" class=\"\" alt=\"\" \/>    <\/a>\n    <\/div>\n<\/div><\/div><\/div><\/div><\/section><section class=\"kc-elm kc-css-173773 kc_row\"><div class=\"kc-row-container  kc-container\"><div class=\"kc-wrap-columns\"><div class=\"kc-elm kc-css-922590 kc_col-sm-5 kc_column kc_col-sm-5\"><div class=\"kc-col-container\"><div class=\"kc-elm kc-css-48146 kc_shortcode kc_single_image\">\n\n        <a rel=\"prettyPhoto\" class=\"kc-pretty-photo\" href=\"https:\/\/gassample.com\/wp-content\/uploads\/2025\/01\/soda6.jpg\" title=\"NaCl w wymienniku ch\u0142odnicy\" target=\"\">\n        <img decoding=\"async\" src=\"https:\/\/gassample.com\/wp-content\/uploads\/2025\/01\/soda6.jpg\" class=\"\" alt=\"NaCl w wymienniku ch\u0142odnicy\" \/>    <\/a>\n    <\/div>\n<\/div><\/div><div class=\"kc-elm kc-css-535079 kc_col-sm-7 kc_column kc_col-sm-7\"><div class=\"kc-col-container\"><div class=\"kc-elm kc-css-293596 kc_text_block\"><\/p>\n<p class=\"MsoNormal\"><span style=\"font-family: 'Arial',sans-serif;\">Trudno\u015bci\u0105 do pokonania jest te\u017c to, \u017ce do pomiaru amoniaku w gazach suchych wykorzystuje si\u0119 analizatory typu NDIR (wykorzystuj\u0105ce absorpcj\u0119 w bliskiej podczerwieni). Z kolei pomiar amoniaku w gazach mokrych (wysyconych H2O) realizowany jest, wg przyj\u0119tej praktyki, przy pomocy spektroskopii laserowej. W tym miejscu warto nadmieni\u0107, \u017ce wspomniana metoda pomiaru w gazach mokrych sprawdzona zosta\u0142a jedynie przy st\u0119\u017ceniach amoniaku od pojedynczych ppm do 1%. W zwi\u0105zku w powy\u017cszym, wy\u017csze st\u0119\u017cenia amoniaku w gazach mokrych nie by\u0142y dotychczas realizowane i wymagaj\u0105 zastosowania innowacyjnych rozwi\u0105za\u0144 oraz prac R&amp;D celem m.in. doboru pasma widma IR, gdzie pomiar NH3 nie b\u0119dzie zak\u0142\u00f3cany przez inne, obecne w gazie sk\u0142adniki.<\/span><\/p>\n<p>\n<\/div><\/div><\/div><\/div><\/div><\/section><section class=\"kc-elm kc-css-598662 kc_row\"><div class=\"kc-row-container  kc-container\"><div class=\"kc-wrap-columns\"><div class=\"kc-elm kc-css-25812 kc_col-sm-12 kc_column kc_col-sm-12\"><div class=\"kc-col-container\">\n<div class=\"kc-elm kc-css-823814 kc-title-wrap\">\n\n\t<h2 class=\"kc_title\">THE SOLUTION <\/h2>\n<\/div>\n\n<div class=\"kc-elm kc-css-911479 kc-title-wrap\">\n\n\t<h3 class=\"kc_title\">HYBRID \"HOT\" SYSTEM FOR NH3  AND \"COLD\" SYSTEM FOR CO2<\/h3>\n<\/div>\n<\/div><\/div><\/div><\/div><\/section><section class=\"kc-elm kc-css-602109 kc_row\"><div class=\"kc-row-container  kc-container\"><div class=\"kc-wrap-columns\"><div class=\"kc-elm kc-css-735679 kc_col-sm-6 kc_column kc_col-sm-6\"><div class=\"kc-col-container\"><div class=\"kc-elm kc-css-434743 kc_text_block\"><\/p>\n<p class=\"MsoNormal\"><span style=\"font-family: 'Arial',sans-serif; mso-bidi-font-weight: bold;\">An individually configured analyzer guarantees reliable CO2 measurement thanks to a specially designed sample preparation system, which features:<\/span><\/p>\n<p>\n<\/div><div class=\"kc-elm kc-css-948192 kc-feature-boxes kc-fb-layout-3\">\n\n\t<div class=\"content-icon\"><i class=\"fa-check\"><\/i><\/div><div class=\"box-right\"><div class=\"content-desc\">The ability to automatically calibrate the analyzer's zero point.\r\n<\/div><\/div>\n<\/div>\n<div class=\"kc-elm kc-css-45384 kc-feature-boxes kc-fb-layout-3\">\n\n\t<div class=\"content-icon\"><i class=\"fa-check\"><\/i><\/div><div class=\"box-right\"><div class=\"content-desc\">A proven de-salting and filtration system.<\/div><\/div>\n<\/div>\n<div class=\"kc-elm kc-css-864067 kc-feature-boxes kc-fb-layout-3\">\n\n\t<div class=\"content-icon\"><i class=\"fa-check\"><\/i><\/div><div class=\"box-right\"><div class=\"content-desc\">Precise temperature control and self-diagnostics of the measured gas sample system.<\/div><\/div>\n<\/div>\n<div class=\"kc-elm kc-css-68090 kc-feature-boxes kc-fb-layout-3\">\n\n\t<div class=\"content-icon\"><i class=\"fa-check\"><\/i><\/div><div class=\"box-right\"><div class=\"content-desc\">A dedicated and individually designed TDLS laser analyzer application for NH3 measurement.<\/div><\/div>\n<\/div>\n<div class=\"kc-elm kc-css-874493 kc-feature-boxes kc-fb-layout-3\">\n\n\t<div class=\"content-icon\"><i class=\"fa-check\"><\/i><\/div><div class=\"box-right\"><div class=\"content-desc\">An 8-cm measuring cell that allows for measurements up to 20% NH3.<\/div><\/div>\n<\/div>\n<\/div><\/div><div class=\"kc-elm kc-css-521081 kc_col-sm-6 kc_column kc_col-sm-6\"><div class=\"kc-col-container\"><div class=\"kc-elm kc-css-152764 kc_shortcode kc_single_image\">\n\n        <img decoding=\"async\" src=\"https:\/\/gassample.com\/wp-content\/uploads\/2025\/01\/soda10.jpg\" class=\"\" alt=\"Elementy systemu analizy HN3 :quot:na gor\u0105co:quot:\" \/>    <\/div>\n<div class=\"kc-elm kc-css-771764 kc_shortcode kc_single_image\">\n\n        <a rel=\"prettyPhoto\" class=\"kc-pretty-photo\" href=\"https:\/\/gassample.com\/wp-content\/uploads\/2025\/01\/soda11.jpg\" title=\"Kondycjonowana szafa z zabudowanym spektroskopem laserowym- analiza NH3\" target=\"\">\n        <img decoding=\"async\" src=\"https:\/\/gassample.com\/wp-content\/uploads\/2025\/01\/soda11.jpg\" class=\"\" alt=\"Kondycjonowana szafa z zabudowanym spektroskopem laserowym- analiza NH3\" \/>    <\/a>\n    <\/div>\n<\/div><\/div><\/div><\/div><\/section><section class=\"kc-elm kc-css-596615 kc_row\"><div class=\"kc-row-container  kc-container\"><div class=\"kc-wrap-columns\"><div class=\"kc-elm kc-css-545651 kc_col-sm-12 kc_column kc_col-sm-12\"><div class=\"kc-col-container\">\n<div class=\"kc-elm kc-css-882157\">\n\t<a class=\"kc_button\" href=\"http:\/\/www.gassample.com\/mat\/soda_en_GS.pdf\" target=\"_self\" title=\"\" onclick=\"\">\n\t\t<i class=\"fa-file-pdf\"><\/i> DOWNLOAD\t<\/a>\n<\/div>\n<\/div><\/div><\/div><\/div><\/section><section class=\"kc-elm kc-css-276479 kc_row\"><div class=\"kc-row-container  kc-container\"><div class=\"kc-wrap-columns\"><div class=\"kc-elm kc-css-247725 kc_col-sm-12 kc_column kc_col-sm-12\"><div class=\"kc-col-container\"><div class=\"kc-elm kc-css-201354 kc-raw-code\"> <a href=\"#top\">BACK TO TOP<\/a><\/div><\/div><\/div><\/div><\/div><\/section><section class=\"kc-elm kc-css-372934 kc_row\"><div class=\"kc-row-container\"><div class=\"kc-wrap-columns\"><div class=\"kc-elm kc-css-528145 kc_col-sm-12 kc_column kc_col-sm-12\"><div class=\"kc-col-container\"><!--Start Caption Area-->\n<section class=\"caption-area\">\n    <div class=\"container\">\n        <div class=\"row\">\n            <div class=\"col-xl-12\">\n                <div class=\"caption-title float-left\">\n                    <h2>Looking to collaborate? Call us today \u2013 we\u2019re ready to assist!<\/h2>\n                <\/div>\n                <div class=\"request-button float-right\">\n                    <a class=\"btn-one\" href=\"http:\/\/gassample.com\/en\/contact\">Contact us!<\/a>\n                <\/div>\n            <\/div>\n        <\/div>\n    <\/div>\n<\/section>\n<!--End Caption Area-->\n<\/div><\/div><\/div><\/div><\/section><\/p>","protected":false},"excerpt":{"rendered":"","protected":false},"author":1,"featured_media":0,"parent":0,"menu_order":0,"comment_status":"closed","ping_status":"closed","template":"tpl-king_composer.php","meta":{"slim_seo":{"title":"SODA - Gas Sample sp. z o.o.","description":"Pomiar st\u0119\u017cenia NH3 i CO2 w mokrym gazie w procesie produkcji sody surowej metod\u0105 Solvaya. MARCIN MASEK - GAS SAMPLE SP. Z O.O. WPROWADZENIE Metoda wytwarzania"},"footnotes":""},"class_list":["post-972","page","type-page","status-publish","hentry"],"_links":{"self":[{"href":"https:\/\/gassample.com\/en\/wp-json\/wp\/v2\/pages\/972","targetHints":{"allow":["GET"]}}],"collection":[{"href":"https:\/\/gassample.com\/en\/wp-json\/wp\/v2\/pages"}],"about":[{"href":"https:\/\/gassample.com\/en\/wp-json\/wp\/v2\/types\/page"}],"author":[{"embeddable":true,"href":"https:\/\/gassample.com\/en\/wp-json\/wp\/v2\/users\/1"}],"replies":[{"embeddable":true,"href":"https:\/\/gassample.com\/en\/wp-json\/wp\/v2\/comments?post=972"}],"version-history":[{"count":20,"href":"https:\/\/gassample.com\/en\/wp-json\/wp\/v2\/pages\/972\/revisions"}],"predecessor-version":[{"id":1181,"href":"https:\/\/gassample.com\/en\/wp-json\/wp\/v2\/pages\/972\/revisions\/1181"}],"wp:attachment":[{"href":"https:\/\/gassample.com\/en\/wp-json\/wp\/v2\/media?parent=972"}],"curies":[{"name":"wp","href":"https:\/\/api.w.org\/{rel}","templated":true}]}}