{"id":419,"date":"2019-01-11T06:00:30","date_gmt":"2019-01-11T06:00:30","guid":{"rendered":"http:\/\/commonsupport.net\/newwp\/enduz\/?page_id=390"},"modified":"2025-07-03T11:39:21","modified_gmt":"2025-07-03T09:39:21","slug":"contact","status":"publish","type":"page","link":"https:\/\/gassample.com\/en\/contact\/","title":{"rendered":"Contact"},"content":{"rendered":"<p><section class=\"kc-elm kc-css-656218 kc_row\"><div class=\"kc-row-container  kc-container\"><div class=\"kc-wrap-columns\"><div class=\"kc-elm kc-css-884395 kc_col-sm-12 kc_column kc_col-sm-12\"><div class=\"kc-col-container\"><!--Start contact form area-->\n<section class=\"contact-info-area\">\n    <div class=\"container\">\n        <div class=\"row\">\n            <div class=\"col-xl-8 col-lg-12 col-md-12 col-sm-12\">\n                <div class=\"contact-form\">\n                    <div class=\"sec-title\">\n                        <div class=\"title\">Send Us a Message<\/div>\n                        <div class=\"inner\">\n                            <div class=\"border1\"><\/div>\n                            <span>We'll Call You Back<\/span>\n                        <\/div>\n                        <p><\/p>\n                    <\/div>\n                    <div id=\"contact-form\" class=\"default-form\">\n                    \t\n<div class=\"wpcf7 no-js\" id=\"wpcf7-f549-o1\" lang=\"en-US\" dir=\"ltr\" data-wpcf7-id=\"549\">\n<div class=\"screen-reader-response\"><p role=\"status\" aria-live=\"polite\" aria-atomic=\"true\"><\/p> <ul><\/ul><\/div>\n<form action=\"\/en\/wp-json\/wp\/v2\/pages\/419#wpcf7-f549-o1\" method=\"post\" class=\"wpcf7-form init\" aria-label=\"Contact form\" novalidate=\"novalidate\" data-status=\"init\" data-trp-original-action=\"\/en\/wp-json\/wp\/v2\/pages\/419#wpcf7-f549-o1\">\n<fieldset class=\"hidden-fields-container\"><input type=\"hidden\" name=\"_wpcf7\" value=\"549\" \/><input type=\"hidden\" name=\"_wpcf7_version\" value=\"6.1.5\" \/><input type=\"hidden\" name=\"_wpcf7_locale\" value=\"en_US\" \/><input type=\"hidden\" name=\"_wpcf7_unit_tag\" value=\"wpcf7-f549-o1\" \/><input type=\"hidden\" name=\"_wpcf7_container_post\" value=\"0\" \/><input type=\"hidden\" name=\"_wpcf7_posted_data_hash\" value=\"\" \/><input type=\"hidden\" name=\"_wpcf7_recaptcha_response\" value=\"\" \/>\n<\/fieldset>\n<div class=\"row\">\n\t<div class=\"col-md-6\">\n\t\t<div class=\"input-box\">\n\t\t\t<p><span class=\"wpcf7-form-control-wrap\" data-name=\"your-name\"><input size=\"40\" maxlength=\"400\" class=\"wpcf7-form-control wpcf7-text wpcf7-validates-as-required\" aria-required=\"true\" aria-invalid=\"false\" placeholder=\"Your Name*\" value=\"\" type=\"text\" name=\"your-name\" \/><\/span>\n\t\t\t<\/p>\n\t\t<\/div>\n\t\t<div class=\"input-box\">\n\t\t\t<p><span class=\"wpcf7-form-control-wrap\" data-name=\"your-email\"><input size=\"40\" maxlength=\"400\" class=\"wpcf7-form-control wpcf7-email wpcf7-validates-as-required wpcf7-text wpcf7-validates-as-email\" aria-required=\"true\" aria-invalid=\"false\" placeholder=\"Your e-mail*\" value=\"\" type=\"email\" name=\"your-email\" \/><\/span>\n\t\t\t<\/p>\n\t\t<\/div>\n\t\t<div class=\"input-box\">\n\t\t\t<p><span class=\"wpcf7-form-control-wrap\" data-name=\"your-phone\"><input size=\"40\" maxlength=\"400\" class=\"wpcf7-form-control wpcf7-text wpcf7-validates-as-required\" aria-required=\"true\" aria-invalid=\"false\" placeholder=\"Phone number*\" value=\"\" type=\"text\" name=\"your-phone\" \/><\/span>\n\t\t\t<\/p>\n\t\t<\/div>\n\t<\/div>\n\t<div class=\"col-md-6\">\n\t\t<div class=\"input-box\">\n\t\t\t<p><span class=\"wpcf7-form-control-wrap\" data-name=\"your-message\"><textarea cols=\"40\" rows=\"10\" maxlength=\"2000\" class=\"wpcf7-form-control wpcf7-textarea wpcf7-validates-as-required\" aria-required=\"true\" aria-invalid=\"false\" placeholder=\"Message*\" name=\"your-message\"><\/textarea><\/span>\n\t\t\t<\/p>\n\t\t<\/div>\n\t\t<div class=\"button-box\">\n\t\t\t<p><input class=\"wpcf7-form-control wpcf7-submit has-spinner btn-one\" type=\"submit\" value=\"Send\" \/>\n\t\t\t<\/p>\n\t\t<\/div>\n\t<\/div>\n\t<p>* - required\n\t<\/p>\n\t<p>I agree to the processing of my personal data provided in this form by Gas Sample sp. z o.o. for the purpose of receiving a response to my question and, depending on the content of the inquiry, receiving a business offer. <a href=\"https:\/\/gassample.com\/en\/polityka-prywatnosci-2\">Find<\/a> out how we process your data.\n\t<\/p>\n<\/div><div class=\"wpcf7-response-output\" aria-hidden=\"true\"><\/div>\n<input type=\"hidden\" name=\"trp-form-language\" value=\"en\"\/><\/form>\n<\/div>\n                    <\/div>\n                <\/div>\n            <\/div>\n            <div class=\"col-xl-4 col-lg-8 col-md-12 col-sm-12\">\n                <div class=\"quick-contact-box\">\n                    <h3>Our Addresses<\/h3>\n                    <ul class=\"top\">\n                        <li>\n                            <div class=\"title\">\n                                <h3><\/h3>\n                            <\/div>\n                            <div class=\"text\">\n                                <p>BIA\u0141YSTOK<br>\r\nul. Warszawska 6\/32, <br>15-063 Bia\u0142ystok<br><br>WARSZAWA<br>ul. Mi\u0144ska 62\/22, 03-828 Warszawa<\/p>\n                            <\/div>\n                            <div class=\"get-direction\">\n                                <a class=\"btn-two\" href=\"https:\/\/maps.app.goo.gl\/mWamv4hazqPxbzfM8\">How to Get to Us.<\/a>\n                            <\/div>        \n                        <\/li>\n                    <\/ul>\n                    <ul class=\"bottom\">\n                        \n                        <li>\n                            <div class=\"title\">\n                                <h5>Email<\/h5>\n                            <\/div>\n                            <div class=\"text\">\n                                <p>biuro@gassample.com<\/p>\n                            <\/div>      \n                        <\/li>\n                    <\/ul>\n                <\/div>\n            <\/div>\n        <\/div>\n    <\/div>\n<\/section>\n<!--End contact form area-->\n<\/div><\/div><\/div><\/div><\/section><section class=\"kc-elm kc-css-712029 kc_row\"><div class=\"kc-row-container\"><div class=\"kc-wrap-columns\"><div class=\"kc-elm kc-css-69400 kc_col-sm-12 kc_column kc_col-sm-12\"><div class=\"kc-col-container\"><!--Start Positive Career Area-->\r\n<section class=\"positive-career-area\" style=\"background-image: url(http:\/\/commonsupport.net\/newwp\/enduz\/wp-content\/uploads\/2019\/01\/positive-career-bg.jpg);\">\r\n    <div class=\"container\">\r\n        <div class=\"row\">\r\n            <div class=\"col-xl-12 col-lg-12 col-md-12 col-sm-12\"> \r\n                <div class=\"positive-career-content\">\r\n                    <div class=\"icon\">\r\n                        <span class=\"flaticon-search\"><\/span>     \r\n                    <\/div>\r\n                    <h1>Make a<br> Positive Career Move<\/h1>\r\n                    <p>Explain to you how all this mistaken idea of denouncing pleasure &amp; praising human happiness.<\/p>\r\n                    <a class=\"btn-two\" href=\"#\"><span class=\"icon-arrow\"><\/span>Open Positions<\/a>   \r\n                <\/div>    \r\n            <\/div>\r\n        <\/div>\r\n    <\/div>\r\n<\/section>\r\n<!--End Positive Career Area-->\r\n<\/div><\/div><\/div><\/div><\/section><section class=\"kc-elm kc-css-826779 kc_row\"><div class=\"kc-row-container  kc-container\"><div class=\"kc-wrap-columns\"><div class=\"kc-elm kc-css-797929 kc_col-sm-12 kc_column kc_col-sm-12\"><div class=\"kc-col-container\"><!--Start Branches section-->\r\n<section class=\"branches-section\">\r\n    <div class=\"container\">\r\n        <div class=\"sec-title text-center\">\r\n            <div class=\"title\">Other Branches<\/div>\r\n            <div class=\"inner\">\r\n                <div class=\"border1\"><\/div>\r\n                <span>35 Branches<\/span>\r\n                <div class=\"border2\"><\/div>\r\n            <\/div>\r\n        <\/div>\r\n        <div class=\"row\">\r\n        \t            <!--Start Single Branches Box-->\r\n            <div class=\"col-xl-4 col-lg-4 col-md-12 col-sm-12\">\r\n                <div class=\"single-branches-box\">\r\n                    <h3>San Francisco<\/h3>\r\n                    <ul>\r\n                        <li>\r\n                            <div class=\"title\">\r\n                                <h5>Address:<\/h5>\r\n                            <\/div>\r\n                            <div class=\"text\">\r\n                                <p>24\/7, Global Factory Street, 2nd Cross, Newyork 10002.<\/p>\r\n                            <\/div>\r\n                        <\/li>\r\n                        <li>\r\n                            <div class=\"title\">\r\n                                <h5>Phone:<\/h5>\r\n                            <\/div>\r\n                            <div class=\"text\">\r\n                                <p>+0 (625) 07520-6644 &amp; 55<\/p>\r\n                            <\/div>\r\n                        <\/li>\r\n                        <li>\r\n                            <div class=\"title\">\r\n                                <h5>Email:<\/h5>\r\n                            <\/div>\r\n                            <div class=\"text\">\r\n                                <p>supportteam@example.com<\/p>\r\n                            <\/div>\r\n                        <\/li>\r\n                        <li>\r\n                            <div class=\"title\">\r\n                                <h5>Visit Our Office:<\/h5>\r\n                            <\/div>\r\n                            <div class=\"text\">\r\n                                <p>Monday - Satday: 9.00am to 5.00pm<\/p>\r\n                            <\/div>\r\n                        <\/li>\r\n                    <\/ul>   \r\n                <\/div> \r\n            <\/div>\r\n            <!--End Single Branches Box-->\r\n                        <!--Start Single Branches Box-->\r\n            <div class=\"col-xl-4 col-lg-4 col-md-12 col-sm-12\">\r\n                <div class=\"single-branches-box\">\r\n                    <h3>Los Angeles<\/h3>\r\n                    <ul>\r\n                        <li>\r\n                            <div class=\"title\">\r\n                                <h5>Address:<\/h5>\r\n                            <\/div>\r\n                            <div class=\"text\">\r\n                                <p>P. O. Box 12616. Fresno, Main Street Los Angeles 90012<\/p>\r\n                            <\/div>\r\n                        <\/li>\r\n                        <li>\r\n                            <div class=\"title\">\r\n                                <h5>Phone:<\/h5>\r\n                            <\/div>\r\n                            <div class=\"text\">\r\n                                <p>+(321) 5678-89 &amp; 12<\/p>\r\n                            <\/div>\r\n                        <\/li>\r\n                        <li>\r\n                            <div class=\"title\">\r\n                                <h5>Email:<\/h5>\r\n                            <\/div>\r\n                            <div class=\"text\">\r\n                                <p>supportteam@example.com<\/p>\r\n                            <\/div>\r\n                        <\/li>\r\n                        <li>\r\n                            <div class=\"title\">\r\n                                <h5>Visit Our Office:<\/h5>\r\n                            <\/div>\r\n                            <div class=\"text\">\r\n                                <p>Monday - Satday: 10.00am to 5.00pm<\/p>\r\n                            <\/div>\r\n                        <\/li>\r\n                    <\/ul>   \r\n                <\/div> \r\n            <\/div>\r\n            <!--End Single Branches Box-->\r\n                        <!--Start Single Branches Box-->\r\n            <div class=\"col-xl-4 col-lg-4 col-md-12 col-sm-12\">\r\n                <div class=\"single-branches-box\">\r\n                    <h3>Atlanta<\/h3>\r\n                    <ul>\r\n                        <li>\r\n                            <div class=\"title\">\r\n                                <h5>Address:<\/h5>\r\n                            <\/div>\r\n                            <div class=\"text\">\r\n                                <p>1345 Piedmont Avenue NE City,St, Atlanta, GA 30309<\/p>\r\n                            <\/div>\r\n                        <\/li>\r\n                        <li>\r\n                            <div class=\"title\">\r\n                                <h5>Phone:<\/h5>\r\n                            <\/div>\r\n                            <div class=\"text\">\r\n                                <p>07520-6644 &amp; 55<\/p>\r\n                            <\/div>\r\n                        <\/li>\r\n                        <li>\r\n                            <div class=\"title\">\r\n                                <h5>Email:<\/h5>\r\n                            <\/div>\r\n                            <div class=\"text\">\r\n                                <p>supportteam@example.com<\/p>\r\n                            <\/div>\r\n                        <\/li>\r\n                        <li>\r\n                            <div class=\"title\">\r\n                                <h5>Visit Our Office:<\/h5>\r\n                            <\/div>\r\n                            <div class=\"text\">\r\n                                <p>Monday - Satday: 9.00am to 5.00pm<\/p>\r\n                            <\/div>\r\n                        <\/li>\r\n                    <\/ul>   \r\n                <\/div> \r\n            <\/div>\r\n            <!--End Single Branches Box-->\r\n                    <\/div>\r\n    <\/div>\r\n<\/section>\r\n<!--End Branches section-->\r\n<\/div><\/div><\/div><\/div><\/section><\/p>","protected":false},"excerpt":{"rendered":"","protected":false},"author":1,"featured_media":0,"parent":0,"menu_order":0,"comment_status":"closed","ping_status":"closed","template":"tpl-king_composer.php","meta":{"slim_seo":{"title":"Kontakt - Gas Sample sp. z o.o.","description":"Wy\u015blij Nam Wiadomo\u015b\u0107 Oddzwonimy * - Wymagane Wype\u0142nienie formularza oznacza wyra\u017cenie zgody na przetwarzanie przez Gas Sample sp. z o.o. podanych w formularzu d"},"footnotes":""},"class_list":["post-419","page","type-page","status-publish","hentry"],"_links":{"self":[{"href":"https:\/\/gassample.com\/en\/wp-json\/wp\/v2\/pages\/419","targetHints":{"allow":["GET"]}}],"collection":[{"href":"https:\/\/gassample.com\/en\/wp-json\/wp\/v2\/pages"}],"about":[{"href":"https:\/\/gassample.com\/en\/wp-json\/wp\/v2\/types\/page"}],"author":[{"embeddable":true,"href":"https:\/\/gassample.com\/en\/wp-json\/wp\/v2\/users\/1"}],"replies":[{"embeddable":true,"href":"https:\/\/gassample.com\/en\/wp-json\/wp\/v2\/comments?post=419"}],"version-history":[{"count":13,"href":"https:\/\/gassample.com\/en\/wp-json\/wp\/v2\/pages\/419\/revisions"}],"predecessor-version":[{"id":729,"href":"https:\/\/gassample.com\/en\/wp-json\/wp\/v2\/pages\/419\/revisions\/729"}],"wp:attachment":[{"href":"https:\/\/gassample.com\/en\/wp-json\/wp\/v2\/media?parent=419"}],"curies":[{"name":"wp","href":"https:\/\/api.w.org\/{rel}","templated":true}]}}