{"id":330,"date":"2019-01-10T09:45:42","date_gmt":"2019-01-10T09:45:42","guid":{"rendered":"http:\/\/commonsupport.net\/newwp\/enduz\/?page_id=330"},"modified":"2025-02-10T16:24:00","modified_gmt":"2025-02-10T15:24:00","slug":"case-studies","status":"publish","type":"page","link":"https:\/\/gassample.com\/en\/case-studies\/","title":{"rendered":"Case Studies"},"content":{"rendered":"<p><section class=\"kc-elm kc-css-769849 kc_row\"><div class=\"kc-row-container  kc-container\"><div class=\"kc-wrap-columns\"><div class=\"kc-elm kc-css-599909 kc_col-sm-12 kc_column kc_col-sm-12\"><div class=\"kc-col-container\"><!--Start about content area-->\r\n<section class=\"about-content-area\">\r\n    <div class=\"container\">\r\n        <div class=\"row\">\r\n            <!--Start single blog post-->\r\n            <div class=\"col-xl-6 col-lg-6 col-md-12 col-sm-12\">\r\n                <div class=\"about-content-box\">\r\n                    <h2>Nasze realizacje<\/h2>\r\n                    <p>Zapraszamy do zapoznania si\u0119 z opisami zrealizowanych przez nas projekt\u00f3w w zakresie analityki. Ka\u017cdy z projekt\u00f3w by\u0142 wyzwaniem in\u017cynierskim w ramach projekt\u00f3w realizowanych dla naszych klient\u00f3w.<\/p>\r\n                    <div class=\"bottom-text\">\r\n                        <h3><\/h3>\r\n                        <p><\/p>\r\n                    <\/div>\r\n                    <div class=\"download-box\">\r\n                        <div class=\"icon-holder\">\r\n                            <span class=\"flaticon-alert\"><\/span>   \r\n                        <\/div>\r\n                        <div class=\"title-holder\">\r\n                            <h3><\/h3>\r\n                            <span><\/span>\r\n                        <\/div>\r\n                    <\/div>\r\n                <\/div>\r\n            <\/div>\r\n            <div class=\"col-xl-6 col-lg-6 col-md-12 col-sm-12\">\r\n                <div class=\"about-right-img\">\r\n                    <img decoding=\"async\" src=\"http:\/\/gassample.com\/\/wp-content\/uploads\/2024\/12\/Grafika_www_24.jpg\" alt=\"About Image\">\r\n                <\/div>\r\n            <\/div>\r\n        <\/div>\r\n    <\/div>\r\n<\/section>\r\n<!--End about content area-->\r\n<\/div><\/div><\/div><\/div><\/section><section class=\"kc-elm kc-css-677870 kc_row\"><div class=\"kc-row-container  kc-container\"><div class=\"kc-wrap-columns\"><div class=\"kc-elm kc-css-246874 kc_col-sm-4 kc_column kc_col-sm-4\"><div class=\"kc-col-container\"><div class=\"kc-elm kc-css-203165 kc-feature-boxes kc-fb-layout-2\">\n\n\t<figure class=\"content-image\"><img decoding=\"async\" src=\"https:\/\/gassample.com\/wp-content\/uploads\/2025\/01\/hvo_case_small.png\" alt=\"HVO\"><\/figure><div class=\"content-title\">HVO<\/div><div class=\"content-desc\">Biofuel production (HVO) at a refinery in Central Europe.<\/div><div class=\"content-button\"><a href=\"http:\/\/gassample.com\/en\/hvo\" target=\"_self\" title=\"Hydrogen H2\">Learn More<\/a><\/div>\n<\/div>\n<\/div><\/div><div class=\"kc-elm kc-css-839003 kc_col-sm-4 kc_column kc_col-sm-4\"><div class=\"kc-col-container\"><div class=\"kc-elm kc-css-37138 kc-feature-boxes kc-fb-layout-2\">\n\n\t<figure class=\"content-image\"><img decoding=\"async\" src=\"https:\/\/gassample.com\/wp-content\/uploads\/2025\/01\/soda_case_small.jpg\" alt=\"SODA\"><\/figure><div class=\"content-title\">SODA<\/div><div class=\"content-desc\">Analysis of NH\u2083 and CO\u2082 concentration in a wet gas stream from Solvay crude soda production.<\/div><div class=\"content-button\"><a href=\"https:\/\/gassample.com\/en\/soda\" target=\"_self\" title=\"SODA\">Learn More<\/a><\/div>\n<\/div>\n<\/div><\/div><div class=\"kc-elm kc-css-450154 kc_col-sm-4 kc_column kc_col-sm-4\"><div class=\"kc-col-container\"><div class=\"kc-elm kc-css-18606 kc-feature-boxes kc-fb-layout-2\">\n\n\t<figure class=\"content-image\"><img decoding=\"async\" src=\"https:\/\/gassample.com\/wp-content\/uploads\/2025\/01\/tgtu_case_smalll.png\" alt=\"TGTU\"><\/figure><div class=\"content-title\">TGTU<\/div><div class=\"content-desc\">Modernizacja instalacji TGTU III - jeszcze dok\u0142adniejszy pomiar.<\/div><div class=\"content-button\"><a href=\"https:\/\/gassample.com\/en\/tgtu\" target=\"_self\" title=\"TGTU\">Learn More<\/a><\/div>\n<\/div>\n<\/div><\/div><\/div><\/div><\/section><section class=\"kc-elm kc-css-112347 kc_row\"><div class=\"kc-row-container  kc-container\"><div class=\"kc-wrap-columns\"><div class=\"kc-elm kc-css-164429 kc_col-sm-12 kc_column kc_col-sm-12\"><div class=\"kc-col-container\"><\/div><\/div><\/div><\/div><\/section><section class=\"kc-elm kc-css-323872 kc_row\"><div class=\"kc-row-container\"><div class=\"kc-wrap-columns\"><div class=\"kc-elm kc-css-722941 kc_col-sm-12 kc_column kc_col-sm-12\"><div class=\"kc-col-container\"><!--Start Caption Area-->\n<section class=\"caption-area\">\n    <div class=\"container\">\n        <div class=\"row\">\n            <div class=\"col-xl-12\">\n                <div class=\"caption-title float-left\">\n                    <h2>Require assistance with analytics? Contact us - we are here to support you.<\/h2>\n                <\/div>\n                <div class=\"request-button float-right\">\n                    <a class=\"btn-one\" href=\"http:\/\/gassample.com\/en\/contact\">Contact us!<\/a>\n                <\/div>\n            <\/div>\n        <\/div>\n    <\/div>\n<\/section>\n<!--End Caption Area-->\n<\/div><\/div><\/div><\/div><\/section><\/p>","protected":false},"excerpt":{"rendered":"","protected":false},"author":1,"featured_media":0,"parent":0,"menu_order":0,"comment_status":"closed","ping_status":"closed","template":"tpl-king_composer.php","meta":{"slim_seo":{"title":"Case Studies - Gas Sample sp. z o.o.","description":"Nasze realizacje Zapraszamy do zapoznania si\u0119 z opisami zrealizowanych przez nas projekt\u00f3w w zakresie analityki. Ka\u017cdy z projekt\u00f3w by\u0142 wyzwaniem in\u017cynierskim w"},"footnotes":""},"class_list":["post-330","page","type-page","status-publish","hentry"],"_links":{"self":[{"href":"https:\/\/gassample.com\/en\/wp-json\/wp\/v2\/pages\/330","targetHints":{"allow":["GET"]}}],"collection":[{"href":"https:\/\/gassample.com\/en\/wp-json\/wp\/v2\/pages"}],"about":[{"href":"https:\/\/gassample.com\/en\/wp-json\/wp\/v2\/types\/page"}],"author":[{"embeddable":true,"href":"https:\/\/gassample.com\/en\/wp-json\/wp\/v2\/users\/1"}],"replies":[{"embeddable":true,"href":"https:\/\/gassample.com\/en\/wp-json\/wp\/v2\/comments?post=330"}],"version-history":[{"count":17,"href":"https:\/\/gassample.com\/en\/wp-json\/wp\/v2\/pages\/330\/revisions"}],"predecessor-version":[{"id":1183,"href":"https:\/\/gassample.com\/en\/wp-json\/wp\/v2\/pages\/330\/revisions\/1183"}],"wp:attachment":[{"href":"https:\/\/gassample.com\/en\/wp-json\/wp\/v2\/media?parent=330"}],"curies":[{"name":"wp","href":"https:\/\/api.w.org\/{rel}","templated":true}]}}