{"id":1186,"date":"2025-02-11T16:35:14","date_gmt":"2025-02-11T15:35:14","guid":{"rendered":"https:\/\/gassample.com\/?page_id=1186"},"modified":"2025-02-11T17:00:07","modified_gmt":"2025-02-11T16:00:07","slug":"polityka-prywatnosci-2","status":"publish","type":"page","link":"https:\/\/gassample.com\/en\/polityka-prywatnosci-2\/","title":{"rendered":"Polityka prywatno\u015bci"},"content":{"rendered":"<p><section class=\"kc-elm kc-css-798109 kc_row\"><div class=\"kc-row-container  kc-container\"><div class=\"kc-wrap-columns\"><div class=\"kc-elm kc-css-305864 kc_col-sm-12 kc_column kc_col-sm-12\"><div class=\"kc-col-container\">\n<div class=\"kc-elm kc-css-649398 kc-title-wrap\">\n\n\t<h1 class=\"kc_title\">Polityka prywatno\u015bci<\/h1>\n<\/div>\n<\/div><\/div><\/div><\/div><\/section><section class=\"kc-elm kc-css-15114 kc_row\"><div class=\"kc-row-container  kc-container\"><div class=\"kc-wrap-columns\"><div class=\"kc-elm kc-css-535596 kc_column kc_col-sm-12\"><div class=\"kc-col-container\">\n<div class=\"kc-elm kc-css-596687 kc-title-wrap\">\n\n\t<h3 class=\"kc_title\">I. Postanowienia og\u00f3lne<\/h3>\n<\/div>\n<div class=\"kc-elm kc-css-316926 kc_text_block\"><\/p>\n<p>1. Polityka prywatno\u015bci okre\u015bla, jak zbierane, przetwarzane i przechowywane s\u0105 dane osobowe U\u017cytkownik\u00f3w niezb\u0119dne do \u015bwiadczenia us\u0142ug drog\u0105 elektroniczn\u0105 za po\u015brednictwem serwisu internetowego www.gassample.com (dalej: Serwis).<br \/>\n2. Serwis zbiera wy\u0142\u0105cznie dane osobowe niezb\u0119dne do \u015bwiadczenia i rozwoju us\u0142ug w nim oferowanych.<br \/>\n3. Dane osobowe zbierane za po\u015brednictwem Serwisu s\u0105 przetwarzane zgodnie z\u00a0Rozporz\u0105dzeniem Parlamentu Europejskiego i\u00a0Rady (UE) 2016\/679 z\u00a0dnia 27 kwietnia 2016 r. w\u00a0sprawie ochrony os\u00f3b fizycznych w\u00a0zwi\u0105zku z\u00a0przetwarzaniem danych osobowych i\u00a0w sprawie swobodnego przep\u0142ywu takich danych oraz uchylenia dyrektywy 95\/46\/WE (og\u00f3lne rozporz\u0105dzenie o\u00a0ochronie danych, dalej RODO) oraz ustaw\u0105 o ochronie danych osobowych z dnia 10 maja 2018 r.<\/p>\n<p>\n<\/div><\/div><\/div><\/div><\/div><\/section><section class=\"kc-elm kc-css-270171 kc_row\"><div class=\"kc-row-container  kc-container\"><div class=\"kc-wrap-columns\"><div class=\"kc-elm kc-css-790756 kc_column kc_col-sm-12\"><div class=\"kc-col-container\">\n<div class=\"kc-elm kc-css-40241 kc-title-wrap\">\n\n\t<h3 class=\"kc_title\">II. Administrator danych<\/h3>\n<\/div>\n<div class=\"kc-elm kc-css-741685 kc_text_block\"><\/p>\n<p>Administratorem danych osobowych zbieranych poprzez Serwis jest Gas Sample sp. z o.o., adres: ul. WARSZAWSKA 6\/32, 15-063 BIA\u0141YSTOK, KRS: 0000945632, NIP: 966 215 77 80, REGON: 520927770, adres poczty elektronicznej biuro@gassample.com (dalej: Administrator).<\/p>\n<p>\n<\/div><\/div><\/div><\/div><\/div><\/section><section class=\"kc-elm kc-css-612952 kc_row\"><div class=\"kc-row-container  kc-container\"><div class=\"kc-wrap-columns\"><div class=\"kc-elm kc-css-125320 kc_column kc_col-sm-12\"><div class=\"kc-col-container\">\n<div class=\"kc-elm kc-css-283566 kc-title-wrap\">\n\n\t<h3 class=\"kc_title\">III. Cel zbierania danych osobowych<\/h3>\n<\/div>\n<div class=\"kc-elm kc-css-781265 kc_text_block\"><\/p>\n<p>1. Dane osobowe wykorzystywane s\u0105 w celu:<\/p>\n<p>\n<\/div><div class=\"kc-elm kc-css-876872 kc_text_block\"><\/p>\n<p>&#8211; rejestracji konta i weryfikacji to\u017csamo\u015bci U\u017cytkownika,<\/p>\n<p>&#8211; umo\u017cliwienia logowania do Serwisu,<\/p>\n<p>&#8211; realizacji umowy dotycz\u0105cej us\u0142ug i e-us\u0142ug,<\/p>\n<p>&#8211; komunikacji z U\u017cytkownikiem (livechat, formularz kontaktowy itp.)<\/p>\n<p>&#8211; wysy\u0142ki newslettera (po wyra\u017ceniu zgody U\u017cytkownika na jego otrzymywanie),<\/p>\n<p>&#8211; prowadzenia systemu komentarzy,<\/p>\n<p>&#8211; \u015bwiadczenia us\u0142ug spo\u0142eczno\u015bciowych,<\/p>\n<p>&#8211; promocji oferty Administratora,<\/p>\n<p>&#8211; marketingu, remarketingu, afiliacji,<\/p>\n<p>&#8211; personalizacji Serwisu dla U\u017cytkownik\u00f3w,<\/p>\n<p>&#8211; dzia\u0142a\u0144 analitycznych i statystycznych,<\/p>\n<p>&#8211; windykacji nale\u017cno\u015bci,<\/p>\n<p>&#8211; ustalenia i dochodzenia roszcze\u0144 albo obrony przed nimi.<\/p>\n<p>\n<\/div><div class=\"kc-elm kc-css-145265 kc_text_block\"><\/p>\n<p>2. Podanie danych jest dobrowolne, ale niezb\u0119dne do zawarcia umowy albo skorzystania z innych funkcjonalno\u015bci Serwisu.<\/p>\n<p>\n<\/div><\/div><\/div><\/div><\/div><\/section><section class=\"kc-elm kc-css-7663 kc_row\"><div class=\"kc-row-container  kc-container\"><div class=\"kc-wrap-columns\"><div class=\"kc-elm kc-css-241538 kc_column kc_col-sm-12\"><div class=\"kc-col-container\">\n<div class=\"kc-elm kc-css-650265 kc-title-wrap\">\n\n\t<h3 class=\"kc_title\">V. Okres przetwarzania danych osobowych<\/h3>\n<\/div>\n<div class=\"kc-elm kc-css-606538 kc_text_block\"><\/p>\n<p>Dane osobowe U\u017cytkownik\u00f3w b\u0119d\u0105 przetwarzane przez okres:<\/p>\n<p>\n<\/div><div class=\"kc-elm kc-css-2287 kc_text_block\"><\/p>\n<p>&#8211;\u00a0 gdy podstaw\u0105 przetwarzania danych jest wykonanie umowy \u2013 do momentu przedawnienia roszcze\u0144 po jej wykonaniu,<\/p>\n<p>&#8211;\u00a0 gdy podstaw\u0105 przetwarzania danych jest zgoda \u2013 do momentu jej odwo\u0142ania, a po odwo\u0142aniu zgody do przedawnienia roszcze\u0144.<\/p>\n<p>\n<\/div><div class=\"kc-elm kc-css-121174 kc_text_block\"><\/p>\n<p>W obu przypadkach termin przedawnienia wynosi 6 lat, a\u00a0dla roszcze\u0144 o\u00a0\u015bwiadczenia okresowe i roszcze\u0144 dotycz\u0105cych\u00a0prowadzenia dzia\u0142alno\u015bci gospodarczej \u2013 3 lata (je\u015bli przepis szczeg\u00f3lny nie stanowi inaczej).<\/p>\n<p>\n<\/div><\/div><\/div><\/div><\/div><\/section><section class=\"kc-elm kc-css-78061 kc_row\"><div class=\"kc-row-container  kc-container\"><div class=\"kc-wrap-columns\"><div class=\"kc-elm kc-css-598773 kc_column kc_col-sm-12\"><div class=\"kc-col-container\">\n<div class=\"kc-elm kc-css-332094 kc-title-wrap\">\n\n\t<h3 class=\"kc_title\">VI. Udost\u0119pnianie danych osobowych<\/h3>\n<\/div>\n<div class=\"kc-elm kc-css-210558 kc_text_block\"><\/p>\n<p>1. Dane osobowe U\u017cytkownik\u00f3w mog\u0105 by\u0107 przekazywane: podmiotom powi\u0105zanym z Administratorem, jego podwykonawcom, podmiotom wsp\u00f3\u0142pracuj\u0105cym z Administratorem np. firmom obs\u0142uguj\u0105cym e-p\u0142atno\u015bci, firmom \u015bwiadcz\u0105cym us\u0142ugi kurierskie\/pocztowe, kancelariom prawnym.<\/p>\n<p>1. Dane osobowe U\u017cytkownik\u00f3w nie b\u0119d\u0105 przekazywane poza teren Europejskiego Obszaru Gospodarczego (EOG).<\/p>\n<p>\n<\/div><\/div><\/div><\/div><\/div><\/section><section class=\"kc-elm kc-css-163771 kc_row\"><div class=\"kc-row-container  kc-container\"><div class=\"kc-wrap-columns\"><div class=\"kc-elm kc-css-55699 kc_column kc_col-sm-12\"><div class=\"kc-col-container\">\n<div class=\"kc-elm kc-css-343540 kc-title-wrap\">\n\n\t<h3 class=\"kc_title\">VII. Prawa U\u017cytkownik\u00f3w<\/h3>\n<\/div>\n<div class=\"kc-elm kc-css-329044 kc_text_block\"><\/p>\n<p>1. U\u017cytkownik Serwisu ma prawo do: dost\u0119pu do tre\u015bci swoich danych osobowych, ich sprostowania, usuni\u0119cia, ograniczenia przetwarzania, przenoszenia, wniesienia sprzeciwu wobec przetwarzania, cofni\u0119cia zgody w ka\u017cdej chwili (co nie ma\u00a0wp\u0142ywu na zgodno\u015b\u0107 z prawem przetwarzania dokonanego w oparciu o zgod\u0119 przed jej cofni\u0119ciem).<\/p>\n<p>2. Zg\u0142oszenie o wyst\u0105pieniu przez U\u017cytkownika z\u00a0uprawnieniem wynikaj\u0105cym z\u00a0wymienionych praw nale\u017cy przes\u0142a\u0107 na adres biuro@gassample.com<\/p>\n<p>3. Administrator spe\u0142nia lub odmawia\u00a0spe\u0142nienia \u017c\u0105dania\u00a0niezw\u0142ocznie \u2013 maksymalnie w ci\u0105gu miesi\u0105ca od jego otrzymania.<\/p>\n<p>4. U\u017cytkownik ma prawo z\u0142o\u017cy\u0107 skarg\u0119 do Prezesa Urz\u0119du Ochrony Danych Osobowych, je\u015bli uzna, \u017ce przetwarzanie narusza jego prawa i wolno\u015bci (RODO).<\/p>\n<p>\n<\/div><\/div><\/div><\/div><\/div><\/section><section class=\"kc-elm kc-css-233094 kc_row\"><div class=\"kc-row-container  kc-container\"><div class=\"kc-wrap-columns\"><div class=\"kc-elm kc-css-686576 kc_column kc_col-sm-12\"><div class=\"kc-col-container\">\n<div class=\"kc-elm kc-css-91076 kc-title-wrap\">\n\n\t<h3 class=\"kc_title\">VIII. Pliki cookies<\/h3>\n<\/div>\n<div class=\"kc-elm kc-css-623873 kc_text_block\"><\/p>\n<p>1. Serwis zbiera informacje za pomoc\u0105 plik\u00f3w cookies \u2013 sesyjnych, sta\u0142ych i podmiot\u00f3w zewn\u0119trznych.<\/p>\n<p>2. Zbieranie plik\u00f3w cookies wspiera poprawne \u015bwiadczenie us\u0142ug w Serwisie i s\u0142u\u017cy celom statystycznym.<\/p>\n<p>3. U\u017cytkownik mo\u017ce okre\u015bli\u0107 zakres dost\u0119pu plik\u00f3w cookies do swojego urz\u0105dzenia w ustawieniach przegl\u0105darki.<\/p>\n<p>\n<\/div><\/div><\/div><\/div><\/div><\/section><section class=\"kc-elm kc-css-147453 kc_row\"><div class=\"kc-row-container  kc-container\"><div class=\"kc-wrap-columns\"><div class=\"kc-elm kc-css-465397 kc_column kc_col-sm-12\"><div class=\"kc-col-container\">\n<div class=\"kc-elm kc-css-355171 kc-title-wrap\">\n\n\t<h3 class=\"kc_title\">IX. Zautomatyzowane podejmowanie decyzji i profilowanie<\/h3>\n<\/div>\n<div class=\"kc-elm kc-css-964670 kc_text_block\"><\/p>\n<p>1. Dane U\u017cytkownik\u00f3w nie mog\u0105 by\u0107\u00a0przetwarzane w zautomatyzowany spos\u00f3b tak, \u017ce na skutek tego mog\u0142yby zapa\u015b\u0107 wobec nich jakiekolwiek decyzje.<\/p>\n<p>2. Dane U\u017cytkownik\u00f3w mog\u0105 by\u0107 profilowane celem dostosowania tre\u015bci i personalizacji oferty po wyra\u017ceniu przez nich zgody.<\/p>\n<p>\n<\/div><\/div><\/div><\/div><\/div><\/section><section class=\"kc-elm kc-css-689323 kc_row\"><div class=\"kc-row-container  kc-container\"><div class=\"kc-wrap-columns\"><div class=\"kc-elm kc-css-72890 kc_column kc_col-sm-12\"><div class=\"kc-col-container\">\n<div class=\"kc-elm kc-css-378211 kc-title-wrap\">\n\n\t<h3 class=\"kc_title\">X. Postanowienia ko\u0144cowe<\/h3>\n<\/div>\n<div class=\"kc-elm kc-css-967611 kc_text_block\"><\/p>\n<p>1. Administrator ma prawo do wprowadzenia zmian w Polityce prywatno\u015bci, przy czym prawa U\u017cytkownik\u00f3w nie zostan\u0105 ograniczone.<br \/>\n2. Informacja o wprowadzonych zmianach pojawi si\u0119 w formie komunikatu dost\u0119pnego w Serwisie.<br \/>\n3. W sprawach nieuregulowanych w niniejszej Polityce prywatno\u015bci obowi\u0105zuj\u0105 przepisy RODO i przepisy prawa polskiego.<\/p>\n<p>\n<\/div><\/div><\/div><\/div><\/div><\/section><section class=\"kc-elm kc-css-655877 kc_row\"><div class=\"kc-row-container\"><div class=\"kc-wrap-columns\"><div class=\"kc-elm kc-css-691053 kc_col-sm-12 kc_column kc_col-sm-12\"><div class=\"kc-col-container\"><!--Start Caption Area-->\n<section class=\"caption-area\">\n    <div class=\"container\">\n        <div class=\"row\">\n            <div class=\"col-xl-12\">\n                <div class=\"caption-title float-left\">\n                    <h2>Interested in our services? Give us a call.<\/h2>\n                <\/div>\n                <div class=\"request-button float-right\">\n                    <a class=\"btn-one\" href=\"http:\/\/gassample.com\/en\/contact\">Contact us.<\/a>\n                <\/div>\n            <\/div>\n        <\/div>\n    <\/div>\n<\/section>\n<!--End Caption Area-->\n<\/div><\/div><\/div><\/div><\/section><\/p>","protected":false},"excerpt":{"rendered":"","protected":false},"author":1,"featured_media":0,"parent":0,"menu_order":0,"comment_status":"closed","ping_status":"closed","template":"tpl-king_composer.php","meta":{"slim_seo":{"title":"Polityka prywatno\u015bci - Gas Sample sp. z o.o.","description":"Polityka prywatno\u015bci I. Postanowienia og\u00f3lne 1. Polityka prywatno\u015bci okre\u015bla, jak zbierane, przetwarzane i przechowywane s\u0105 dane osobowe U\u017cytkownik\u00f3w niezb\u0119dne"},"footnotes":""},"class_list":["post-1186","page","type-page","status-publish","hentry"],"_links":{"self":[{"href":"https:\/\/gassample.com\/en\/wp-json\/wp\/v2\/pages\/1186","targetHints":{"allow":["GET"]}}],"collection":[{"href":"https:\/\/gassample.com\/en\/wp-json\/wp\/v2\/pages"}],"about":[{"href":"https:\/\/gassample.com\/en\/wp-json\/wp\/v2\/types\/page"}],"author":[{"embeddable":true,"href":"https:\/\/gassample.com\/en\/wp-json\/wp\/v2\/users\/1"}],"replies":[{"embeddable":true,"href":"https:\/\/gassample.com\/en\/wp-json\/wp\/v2\/comments?post=1186"}],"version-history":[{"count":21,"href":"https:\/\/gassample.com\/en\/wp-json\/wp\/v2\/pages\/1186\/revisions"}],"predecessor-version":[{"id":1207,"href":"https:\/\/gassample.com\/en\/wp-json\/wp\/v2\/pages\/1186\/revisions\/1207"}],"wp:attachment":[{"href":"https:\/\/gassample.com\/en\/wp-json\/wp\/v2\/media?parent=1186"}],"curies":[{"name":"wp","href":"https:\/\/api.w.org\/{rel}","templated":true}]}}