{"id":1088,"date":"2025-01-10T10:26:38","date_gmt":"2025-01-10T09:26:38","guid":{"rendered":"http:\/\/localhost\/gassample\/?page_id=1088"},"modified":"2025-01-10T10:26:38","modified_gmt":"2025-01-10T09:26:38","slug":"fundusze-eu","status":"publish","type":"page","link":"https:\/\/gassample.com\/en\/fundusze-eu\/","title":{"rendered":"EU Founds"},"content":{"rendered":"<p><section class=\"kc-elm kc_row\"><div class=\"kc-row-container  kc-container\"><div class=\"kc-wrap-columns\"><div class=\"kc-elm kc-css-284331 kc_col-sm-12 kc_column kc_col-sm-12\"><div class=\"kc-col-container\"><div class=\"kc-elm kc-css-80171 kc_shortcode kc_single_image\">\n\n        <img decoding=\"async\" src=\"https:\/\/gassample.com\/wp-content\/uploads\/2025\/01\/Polska-wschodnia-funusze-ue.png\" class=\"\" alt=\"Fundusze Unijne\" \/>    <\/div>\n\n<div class=\"kc-elm kc-css-100119 kc-title-wrap\">\n\n\t<h3 class=\"kc_title\">Project Title:<\/h3>\n<\/div>\n\n<div class=\"kc-elm kc-css-248100 kc-title-wrap\">\n\n\t<h2 class=\"kc_title\">Bricks\u2019n\u2019Cloud - zero failures in gas analytics<\/h2>\n<\/div>\n<div class=\"kc-elm kc-css-583986 kc_text_block\"><\/p>\n<p style=\"box-sizing: border-box; -webkit-tap-highlight-color: transparent; margin: 0px 0px 15px; color: #454a52; line-height: 1.618; font-family: Roboto, Helvetica, Arial, sans-serif; font-size: 22px;\">Action:<\/p>\n<p style=\"box-sizing: border-box; -webkit-tap-highlight-color: transparent; margin: 0px 0px 15px; color: #454a52; line-height: 1.618; font-family: Roboto, Helvetica, Arial, sans-serif; font-size: 22px;\">1.1 Launchpads for new ideas<\/p>\n<p style=\"box-sizing: border-box; -webkit-tap-highlight-color: transparent; margin: 0px 0px 15px; color: #454a52; line-height: 1.618; font-family: Roboto, Helvetica, Arial, sans-serif; font-size: 22px;\">Sub-action:<\/p>\n<p style=\"box-sizing: border-box; -webkit-tap-highlight-color: transparent; margin: 0px 0px 15px; color: #454a52; line-height: 1.618; font-family: Roboto, Helvetica, Arial, sans-serif; font-size: 22px;\">1.1.2 Development of startups in Eastern Poland<\/p>\n<p style=\"box-sizing: border-box; -webkit-tap-highlight-color: transparent; margin: 0px 0px 15px; color: #454a52; line-height: 1.618; font-family: Roboto, Helvetica, Arial, sans-serif; font-size: 22px;\">Implementation Period:<\/p>\n<p style=\"box-sizing: border-box; -webkit-tap-highlight-color: transparent; margin: 0px 0px 15px; color: #454a52; line-height: 1.618; font-family: Roboto, Helvetica, Arial, sans-serif; font-size: 22px;\">01\/10\/2022-30\/11\/2023<\/p>\n<p style=\"box-sizing: border-box; -webkit-tap-highlight-color: transparent; margin: 0px 0px 15px; color: #454a52; line-height: 1.618; font-family: Roboto, Helvetica, Arial, sans-serif; font-size: 22px;\">Project Goal:<\/p>\n<p style=\"box-sizing: border-box; -webkit-tap-highlight-color: transparent; margin: 0px 0px 15px; color: #454a52; line-height: 1.618; font-family: Roboto, Helvetica, Arial, sans-serif; font-size: 22px; text-align: justify;\">The project's goal is to create and commercialize the Bricks\u2019n\u2019Cloud system, based on the idea of zero failures in gas analytics. The company will introduce a solution to the market that prevents failures and production downtime.<\/p>\n<p style=\"box-sizing: border-box; -webkit-tap-highlight-color: transparent; margin: 0px 0px 15px; color: #454a52; line-height: 1.618; font-family: Roboto, Helvetica, Arial, sans-serif; font-size: 22px; text-align: justify;\">As part of the project, a mini-modular sample preparation system will be developed, significantly smaller than existing solutions. This will allow the systems to be installed in any location, close to the production process, thereby increasing the number of technically possible applications and reducing costs associated with the previous need for industrial containers and additional instrumentation. Simultaneously, a predictive application will be developed to intuitively and simply inform end-users about the process and the status of the sample preparation system components, so they can prevent failures.<\/p>\n<p style=\"box-sizing: border-box; -webkit-tap-highlight-color: transparent; margin: 0px 0px 15px; color: #454a52; line-height: 1.618; font-family: Roboto, Helvetica, Arial, sans-serif; font-size: 22px;\">EU Funds Contribution:              999,941.42 PLN<\/p>\n<p style=\"box-sizing: border-box; -webkit-tap-highlight-color: transparent; margin: 0px 0px 15px; color: #454a52; line-height: 1.618; font-family: Roboto, Helvetica, Arial, sans-serif; font-size: 22px;\">Project Value: 1,225,164.37 PLN<\/p>\n<p>\n<\/div><\/div><\/div><\/div><\/div><\/section><section class=\"kc-elm kc-css-647612 kc_row\"><div class=\"kc-row-container\"><div class=\"kc-wrap-columns\"><div class=\"kc-elm kc-css-218009 kc_col-sm-12 kc_column kc_col-sm-12\"><div class=\"kc-col-container\"><!--Start Caption Area-->\n<section class=\"caption-area\">\n    <div class=\"container\">\n        <div class=\"row\">\n            <div class=\"col-xl-12\">\n                <div class=\"caption-title float-left\">\n                    <h2>Looking to collaborate? Call us today \u2013 we\u2019re ready to assist!<\/h2>\n                <\/div>\n                <div class=\"request-button float-right\">\n                    <a class=\"btn-one\" href=\"https:\/\/gassample.com\/en\/contact\">Contact us.<\/a>\n                <\/div>\n            <\/div>\n        <\/div>\n    <\/div>\n<\/section>\n<!--End Caption Area-->\n<\/div><\/div><\/div><\/div><\/section><\/p>","protected":false},"excerpt":{"rendered":"","protected":false},"author":1,"featured_media":0,"parent":0,"menu_order":0,"comment_status":"closed","ping_status":"closed","template":"tpl-king_composer.php","meta":{"slim_seo":{"title":"Fundusze EU - Gas Sample sp. z o.o.","description":"Tytu\u0142 projektu: Bricks\u2019n\u2019Cloud- zero awarii w analityce gazowej Dzia\u0142anie: 1.1 Platformy startowe dla nowych pomys\u0142\u00f3w Poddzia\u0142anie: 1.1.2 Rozw\u00f3j startup\u00f3w w Pol"},"footnotes":""},"class_list":["post-1088","page","type-page","status-publish","hentry"],"_links":{"self":[{"href":"https:\/\/gassample.com\/en\/wp-json\/wp\/v2\/pages\/1088","targetHints":{"allow":["GET"]}}],"collection":[{"href":"https:\/\/gassample.com\/en\/wp-json\/wp\/v2\/pages"}],"about":[{"href":"https:\/\/gassample.com\/en\/wp-json\/wp\/v2\/types\/page"}],"author":[{"embeddable":true,"href":"https:\/\/gassample.com\/en\/wp-json\/wp\/v2\/users\/1"}],"replies":[{"embeddable":true,"href":"https:\/\/gassample.com\/en\/wp-json\/wp\/v2\/comments?post=1088"}],"version-history":[{"count":1,"href":"https:\/\/gassample.com\/en\/wp-json\/wp\/v2\/pages\/1088\/revisions"}],"predecessor-version":[{"id":1091,"href":"https:\/\/gassample.com\/en\/wp-json\/wp\/v2\/pages\/1088\/revisions\/1091"}],"wp:attachment":[{"href":"https:\/\/gassample.com\/en\/wp-json\/wp\/v2\/media?parent=1088"}],"curies":[{"name":"wp","href":"https:\/\/api.w.org\/{rel}","templated":true}]}}